{"id":67,"date":"2024-06-21T19:23:22","date_gmt":"2024-06-21T17:23:22","guid":{"rendered":"https:\/\/nadiareflexology.com\/?page_id=67"},"modified":"2024-06-21T19:24:34","modified_gmt":"2024-06-21T17:24:34","slug":"deroulement-dune-seance","status":"publish","type":"page","link":"https:\/\/nadiareflexology.com\/index.php\/deroulement-dune-seance\/","title":{"rendered":"D\u00e9roulement d&rsquo;une s\u00e9ance"},"content":{"rendered":"\n<p><strong>Accueil et Entretien Pr\u00e9liminaire<\/strong><\/p>\n\n\n\n<p>Je vous accueille et \u00e9change avec vous pour comprendre vos besoins, votre \u00e9tat de sant\u00e9 g\u00e9n\u00e9ral et vos ant\u00e9c\u00e9dents m\u00e9dicaux.<br>Chaque client est diff\u00e9rent donc l&rsquo;entretien est personnalis\u00e9<\/p>\n\n\n\n<p><strong>Installation du Client<\/strong><\/p>\n\n\n\n<p>Vous serez invit\u00e9 \u00e0 vous installer confortablement sur une table de massage ou une chaise longue.<br>Une position d\u00e9tendue est assur\u00e9e pour maximiser les effets b\u00e9n\u00e9fiques de la s\u00e9ance.<br><\/p>\n\n\n\n<p><strong>Nettoyage et Pr\u00e9paration<\/strong><\/p>\n\n\n\n<p>Une serviette chaude est appliqu\u00e9e sur vos pieds pour assurer l&rsquo;hygi\u00e8ne et pr\u00e9parer les zones r\u00e9flexes.<br>Une l\u00e9g\u00e8re manipulation des pieds est effectu\u00e9e pour d\u00e9tendre les muscles.<br><\/p>\n\n\n\n<p><strong>Application de Pressions<\/strong><\/p>\n\n\n\n<p>J&rsquo;utilise mes pouces et mes doigts pour appliquer des pressions sur des zones sp\u00e9cifiques, appel\u00e9es zones r\u00e9flexes.<br>Chaque zone r\u00e9flexe correspond \u00e0 une partie sp\u00e9cifique du corps.<\/p>\n\n\n\n<p><br><strong>Observation et Ajustement<\/strong><\/p>\n\n\n\n<p>J&rsquo;observe attentivement vos r\u00e9actions et ajuste l&rsquo;intensit\u00e9 et la localisation des pressions en cons\u00e9quence.<br>Une interaction continue permet d&rsquo;assurer que vous vous sentez \u00e0 l&rsquo;aise et que la s\u00e9ance soit efficace.<\/p>\n\n\n\n<p>Les techniques utilis\u00e9es varient selon les besoins sp\u00e9cifiques du client.<\/p>\n\n\n\n<p><br><strong>Phase de Relaxation<\/strong><\/p>\n\n\n\n<p>La s\u00e9ance se termine par des mouvements doux et apaisants pour aider le client \u00e0 revenir progressivement \u00e0 un \u00e9tat d&rsquo;\u00e9veil.<\/p>\n\n\n\n<p><br><strong>Discussion Post-S\u00e9ance<\/strong><\/p>\n\n\n\n<p>Je discute avec vous des sensations ressenties et des effets observ\u00e9s pendant la s\u00e9ance.<br>Des recommandations pour prolonger les bienfaits de la r\u00e9flexologie peuvent \u00eatre donn\u00e9es, comme des exercices \u00e0 domicile ou des conseils de bien-\u00eatre g\u00e9n\u00e9ral.<\/p>\n\n\n\n<p><strong><br>Dur\u00e9e de la S\u00e9ance<\/strong><\/p>\n\n\n\n<p>La s\u00e9ance dure g\u00e9n\u00e9ralement entre 50 et 60 minutes + 15 minutes de recueil du bilan de sant\u00e9.<\/p>\n\n\n\n<p><br><strong>Effets B\u00e9n\u00e9fiques<\/strong><\/p>\n\n\n\n<p>La r\u00e9flexologie est appr\u00e9ci\u00e9e pour ses effets relaxants, la meilleure circulation sanguine, la r\u00e9duction du stress et l&rsquo;am\u00e9lioration du bien-\u00eatre g\u00e9n\u00e9ral.<\/p>\n\n\n\n<p><br><strong>Compl\u00e9mentarit\u00e9 avec les Traitements M\u00e9dicaux<\/strong><\/p>\n\n\n\n<p>Il est important de noter que la r\u00e9flexologie ne remplace pas un traitement m\u00e9dical conventionnel, mais peut \u00eatre utilis\u00e9e en compl\u00e9ment pour promouvoir la sant\u00e9 et le bien-\u00eatre.<\/p>\n","protected":false},"excerpt":{"rendered":"<p>Accueil et Entretien Pr\u00e9liminaire Je vous accueille et \u00e9change avec vous pour comprendre vos besoins, votre \u00e9tat de sant\u00e9 g\u00e9n\u00e9ral et vos ant\u00e9c\u00e9dents m\u00e9dicaux.Chaque client est diff\u00e9rent donc l&rsquo;entretien est personnalis\u00e9 Installation du Client Vous serez invit\u00e9 \u00e0 vous installer confortablement sur une table de massage ou une chaise longue.Une position d\u00e9tendue est assur\u00e9e pour <a class=\"read-more\" href=\"https:\/\/nadiareflexology.com\/index.php\/deroulement-dune-seance\/\">READ MORE<\/a><\/p>\n","protected":false},"author":1,"featured_media":0,"parent":0,"menu_order":0,"comment_status":"closed","ping_status":"closed","template":"","meta":{"footnotes":""},"class_list":["post-67","page","type-page","status-publish","hentry"],"yoast_head":"<!-- This site is optimized with the Yoast SEO plugin v24.5 - https:\/\/yoast.com\/wordpress\/plugins\/seo\/ -->\n<title>D\u00e9roulement d&#039;une s\u00e9ance - Nadia Reflexology<\/title>\n<meta name=\"robots\" content=\"index, follow, max-snippet:-1, max-image-preview:large, max-video-preview:-1\" \/>\n<link rel=\"canonical\" href=\"https:\/\/nadiareflexology.com\/index.php\/deroulement-dune-seance\/\" \/>\n<meta property=\"og:locale\" content=\"fr_FR\" \/>\n<meta property=\"og:type\" content=\"article\" \/>\n<meta property=\"og:title\" content=\"D\u00e9roulement d&#039;une s\u00e9ance - Nadia Reflexology\" \/>\n<meta property=\"og:description\" content=\"Accueil et Entretien Pr\u00e9liminaire Je vous accueille et \u00e9change avec vous pour comprendre vos besoins, votre \u00e9tat de sant\u00e9 g\u00e9n\u00e9ral et vos ant\u00e9c\u00e9dents m\u00e9dicaux.Chaque client est diff\u00e9rent donc l&rsquo;entretien est personnalis\u00e9 Installation du Client Vous serez invit\u00e9 \u00e0 vous installer confortablement sur une table de massage ou une chaise longue.Une position d\u00e9tendue est assur\u00e9e pour READ MORE\" \/>\n<meta property=\"og:url\" content=\"https:\/\/nadiareflexology.com\/index.php\/deroulement-dune-seance\/\" \/>\n<meta property=\"og:site_name\" content=\"Nadia Reflexology\" \/>\n<meta property=\"article:modified_time\" content=\"2024-06-21T17:24:34+00:00\" \/>\n<meta property=\"og:image\" content=\"https:\/\/nadiareflexology.com\/wp-content\/uploads\/2024\/06\/logo.png\" \/>\n\t<meta property=\"og:image:width\" content=\"160\" \/>\n\t<meta property=\"og:image:height\" content=\"145\" \/>\n\t<meta property=\"og:image:type\" content=\"image\/png\" \/>\n<meta name=\"twitter:card\" content=\"summary_large_image\" \/>\n<meta name=\"twitter:label1\" content=\"Dur\u00e9e de lecture estim\u00e9e\" \/>\n\t<meta name=\"twitter:data1\" content=\"2 minutes\" \/>\n<script type=\"application\/ld+json\" class=\"yoast-schema-graph\">{\"@context\":\"https:\/\/schema.org\",\"@graph\":[{\"@type\":\"WebPage\",\"@id\":\"https:\/\/nadiareflexology.com\/index.php\/deroulement-dune-seance\/\",\"url\":\"https:\/\/nadiareflexology.com\/index.php\/deroulement-dune-seance\/\",\"name\":\"D\u00e9roulement d'une s\u00e9ance - Nadia Reflexology\",\"isPartOf\":{\"@id\":\"https:\/\/nadiareflexology.com\/#website\"},\"datePublished\":\"2024-06-21T17:23:22+00:00\",\"dateModified\":\"2024-06-21T17:24:34+00:00\",\"breadcrumb\":{\"@id\":\"https:\/\/nadiareflexology.com\/index.php\/deroulement-dune-seance\/#breadcrumb\"},\"inLanguage\":\"fr-FR\",\"potentialAction\":[{\"@type\":\"ReadAction\",\"target\":[\"https:\/\/nadiareflexology.com\/index.php\/deroulement-dune-seance\/\"]}]},{\"@type\":\"BreadcrumbList\",\"@id\":\"https:\/\/nadiareflexology.com\/index.php\/deroulement-dune-seance\/#breadcrumb\",\"itemListElement\":[{\"@type\":\"ListItem\",\"position\":1,\"name\":\"Accueil\",\"item\":\"https:\/\/nadiareflexology.com\/\"},{\"@type\":\"ListItem\",\"position\":2,\"name\":\"D\u00e9roulement d&rsquo;une s\u00e9ance\"}]},{\"@type\":\"WebSite\",\"@id\":\"https:\/\/nadiareflexology.com\/#website\",\"url\":\"https:\/\/nadiareflexology.com\/\",\"name\":\"Nadia Reflexology\",\"description\":\"Le chemin vers votre \u00e9quilibre\",\"publisher\":{\"@id\":\"https:\/\/nadiareflexology.com\/#organization\"},\"alternateName\":\"Nadia Reflexology Cluny\",\"potentialAction\":[{\"@type\":\"SearchAction\",\"target\":{\"@type\":\"EntryPoint\",\"urlTemplate\":\"https:\/\/nadiareflexology.com\/?s={search_term_string}\"},\"query-input\":{\"@type\":\"PropertyValueSpecification\",\"valueRequired\":true,\"valueName\":\"search_term_string\"}}],\"inLanguage\":\"fr-FR\"},{\"@type\":\"Organization\",\"@id\":\"https:\/\/nadiareflexology.com\/#organization\",\"name\":\"Nadia Reflexology\",\"url\":\"https:\/\/nadiareflexology.com\/\",\"logo\":{\"@type\":\"ImageObject\",\"inLanguage\":\"fr-FR\",\"@id\":\"https:\/\/nadiareflexology.com\/#\/schema\/logo\/image\/\",\"url\":\"https:\/\/nadiareflexology.com\/wp-content\/uploads\/2024\/06\/logo.png\",\"contentUrl\":\"https:\/\/nadiareflexology.com\/wp-content\/uploads\/2024\/06\/logo.png\",\"width\":160,\"height\":145,\"caption\":\"Nadia Reflexology\"},\"image\":{\"@id\":\"https:\/\/nadiareflexology.com\/#\/schema\/logo\/image\/\"}}]}<\/script>\n<!-- \/ Yoast SEO plugin. -->","yoast_head_json":{"title":"D\u00e9roulement d'une s\u00e9ance - Nadia Reflexology","robots":{"index":"index","follow":"follow","max-snippet":"max-snippet:-1","max-image-preview":"max-image-preview:large","max-video-preview":"max-video-preview:-1"},"canonical":"https:\/\/nadiareflexology.com\/index.php\/deroulement-dune-seance\/","og_locale":"fr_FR","og_type":"article","og_title":"D\u00e9roulement d'une s\u00e9ance - Nadia Reflexology","og_description":"Accueil et Entretien Pr\u00e9liminaire Je vous accueille et \u00e9change avec vous pour comprendre vos besoins, votre \u00e9tat de sant\u00e9 g\u00e9n\u00e9ral et vos ant\u00e9c\u00e9dents m\u00e9dicaux.Chaque client est diff\u00e9rent donc l&rsquo;entretien est personnalis\u00e9 Installation du Client Vous serez invit\u00e9 \u00e0 vous installer confortablement sur une table de massage ou une chaise longue.Une position d\u00e9tendue est assur\u00e9e pour READ MORE","og_url":"https:\/\/nadiareflexology.com\/index.php\/deroulement-dune-seance\/","og_site_name":"Nadia Reflexology","article_modified_time":"2024-06-21T17:24:34+00:00","og_image":[{"width":160,"height":145,"url":"https:\/\/nadiareflexology.com\/wp-content\/uploads\/2024\/06\/logo.png","type":"image\/png"}],"twitter_card":"summary_large_image","twitter_misc":{"Dur\u00e9e de lecture estim\u00e9e":"2 minutes"},"schema":{"@context":"https:\/\/schema.org","@graph":[{"@type":"WebPage","@id":"https:\/\/nadiareflexology.com\/index.php\/deroulement-dune-seance\/","url":"https:\/\/nadiareflexology.com\/index.php\/deroulement-dune-seance\/","name":"D\u00e9roulement d'une s\u00e9ance - Nadia Reflexology","isPartOf":{"@id":"https:\/\/nadiareflexology.com\/#website"},"datePublished":"2024-06-21T17:23:22+00:00","dateModified":"2024-06-21T17:24:34+00:00","breadcrumb":{"@id":"https:\/\/nadiareflexology.com\/index.php\/deroulement-dune-seance\/#breadcrumb"},"inLanguage":"fr-FR","potentialAction":[{"@type":"ReadAction","target":["https:\/\/nadiareflexology.com\/index.php\/deroulement-dune-seance\/"]}]},{"@type":"BreadcrumbList","@id":"https:\/\/nadiareflexology.com\/index.php\/deroulement-dune-seance\/#breadcrumb","itemListElement":[{"@type":"ListItem","position":1,"name":"Accueil","item":"https:\/\/nadiareflexology.com\/"},{"@type":"ListItem","position":2,"name":"D\u00e9roulement d&rsquo;une s\u00e9ance"}]},{"@type":"WebSite","@id":"https:\/\/nadiareflexology.com\/#website","url":"https:\/\/nadiareflexology.com\/","name":"Nadia Reflexology","description":"Le chemin vers votre \u00e9quilibre","publisher":{"@id":"https:\/\/nadiareflexology.com\/#organization"},"alternateName":"Nadia Reflexology Cluny","potentialAction":[{"@type":"SearchAction","target":{"@type":"EntryPoint","urlTemplate":"https:\/\/nadiareflexology.com\/?s={search_term_string}"},"query-input":{"@type":"PropertyValueSpecification","valueRequired":true,"valueName":"search_term_string"}}],"inLanguage":"fr-FR"},{"@type":"Organization","@id":"https:\/\/nadiareflexology.com\/#organization","name":"Nadia Reflexology","url":"https:\/\/nadiareflexology.com\/","logo":{"@type":"ImageObject","inLanguage":"fr-FR","@id":"https:\/\/nadiareflexology.com\/#\/schema\/logo\/image\/","url":"https:\/\/nadiareflexology.com\/wp-content\/uploads\/2024\/06\/logo.png","contentUrl":"https:\/\/nadiareflexology.com\/wp-content\/uploads\/2024\/06\/logo.png","width":160,"height":145,"caption":"Nadia Reflexology"},"image":{"@id":"https:\/\/nadiareflexology.com\/#\/schema\/logo\/image\/"}}]}},"_links":{"self":[{"href":"https:\/\/nadiareflexology.com\/index.php\/wp-json\/wp\/v2\/pages\/67","targetHints":{"allow":["GET"]}}],"collection":[{"href":"https:\/\/nadiareflexology.com\/index.php\/wp-json\/wp\/v2\/pages"}],"about":[{"href":"https:\/\/nadiareflexology.com\/index.php\/wp-json\/wp\/v2\/types\/page"}],"author":[{"embeddable":true,"href":"https:\/\/nadiareflexology.com\/index.php\/wp-json\/wp\/v2\/users\/1"}],"replies":[{"embeddable":true,"href":"https:\/\/nadiareflexology.com\/index.php\/wp-json\/wp\/v2\/comments?post=67"}],"version-history":[{"count":2,"href":"https:\/\/nadiareflexology.com\/index.php\/wp-json\/wp\/v2\/pages\/67\/revisions"}],"predecessor-version":[{"id":69,"href":"https:\/\/nadiareflexology.com\/index.php\/wp-json\/wp\/v2\/pages\/67\/revisions\/69"}],"wp:attachment":[{"href":"https:\/\/nadiareflexology.com\/index.php\/wp-json\/wp\/v2\/media?parent=67"}],"curies":[{"name":"wp","href":"https:\/\/api.w.org\/{rel}","templated":true}]}}