{"id":34,"date":"2024-03-26T11:59:00","date_gmt":"2024-03-26T10:59:00","guid":{"rendered":"https:\/\/nadiareflexology.com\/?page_id=34"},"modified":"2024-09-01T13:06:31","modified_gmt":"2024-09-01T11:06:31","slug":"qui-suis-je","status":"publish","type":"page","link":"https:\/\/nadiareflexology.com\/index.php\/qui-suis-je\/","title":{"rendered":"Qui suis-je ?"},"content":{"rendered":"\n<figure class=\"wp-block-image size-large\"><img loading=\"lazy\" decoding=\"async\" width=\"1024\" height=\"339\" src=\"http:\/\/nadiareflexology.com\/wp-content\/uploads\/2024\/03\/cropped-cropped-belles-jambes-differents-articles-spa-scaled-1-1024x339.jpg\" alt=\"\" class=\"wp-image-13\" srcset=\"https:\/\/nadiareflexology.com\/wp-content\/uploads\/2024\/03\/cropped-cropped-belles-jambes-differents-articles-spa-scaled-1-1024x339.jpg 1024w, https:\/\/nadiareflexology.com\/wp-content\/uploads\/2024\/03\/cropped-cropped-belles-jambes-differents-articles-spa-scaled-1-300x99.jpg 300w, https:\/\/nadiareflexology.com\/wp-content\/uploads\/2024\/03\/cropped-cropped-belles-jambes-differents-articles-spa-scaled-1-768x254.jpg 768w, https:\/\/nadiareflexology.com\/wp-content\/uploads\/2024\/03\/cropped-cropped-belles-jambes-differents-articles-spa-scaled-1.jpg 1500w\" sizes=\"auto, (max-width: 1024px) 100vw, 1024px\" \/><\/figure>\n\n\n\n<p>Bonjour et bienvenue sur mon site !<\/p>\n\n\n\n<p>Nadia, dipl\u00f4m\u00e9e de r\u00e9flexologie, passionn\u00e9e par l\u2019art du <strong>bien-\u00eatre<\/strong> et l\u2019accompagnement <strong>harmonieux<\/strong> des personnes.<\/p>\n\n\n\n<p>Mon parcours professionnel dans le soin a d\u00e9but\u00e9 en tant qu&rsquo;aide-soignante, un m\u00e9tier o\u00f9 j&rsquo;ai eu le privil\u00e8ge d&rsquo;apporter du confort et du soutien aux personnes.<\/p>\n\n\n\n<p>Apr\u00e8s une transition vers l\u2019administration, une \u00e9volution et une implication constantes dans ce nouveau domaine, je ressentais toujours un profond manque li\u00e9 aux soins directs aux personnes.<\/p>\n\n\n\n<p>C&rsquo;est cette passion pour le soin qui m&rsquo;a pouss\u00e9e \u00e0 suivre une formation en <strong>r\u00e9flexologie<\/strong> maintenant appel\u00e9e <strong>neurophysiologie<\/strong>. J\u2019ai suivi un cursus compos\u00e9 de 160 heures d\u2019anatomie, physiologie, pathologies et 220 heures d\u2019enseignement et de pratique de la r\u00e9flexologie \u00e0 l\u2019institut <strong>IFMV \u00e0 Gen\u00e8ve<\/strong>. J&rsquo;ai obtenu le dipl\u00f4me de reflexologue.<\/p>\n\n\n\n<p>La r\u00e9flexologie est pour moi un chemin vers&nbsp;<strong>l\u2019harmonie et la sant\u00e9<\/strong>&nbsp;que je souhaite partager avec vous pour vous faire d\u00e9couvrir cette approche douce et holistique du bien-\u00eatre, et de vous accompagner sur votre chemin vers&nbsp;<strong>l\u2019hom\u00e9ostasie<\/strong>.<\/p>\n\n\n\n<p>N&rsquo;h\u00e9sitez pas \u00e0 me contacter pour en savoir plus sur mes services en r\u00e9flexologie.<\/p>\n\n\n\n<p>Au plaisir de vous rencontrer,<\/p>\n\n\n\n<p>Nadia<\/p>\n","protected":false},"excerpt":{"rendered":"<p>Bonjour et bienvenue sur mon site ! Nadia, dipl\u00f4m\u00e9e de r\u00e9flexologie, passionn\u00e9e par l\u2019art du bien-\u00eatre et l\u2019accompagnement harmonieux des personnes. Mon parcours professionnel dans le soin a d\u00e9but\u00e9 en tant qu&rsquo;aide-soignante, un m\u00e9tier o\u00f9 j&rsquo;ai eu le privil\u00e8ge d&rsquo;apporter du confort et du soutien aux personnes. Apr\u00e8s une transition vers l\u2019administration, une \u00e9volution et <a class=\"read-more\" href=\"https:\/\/nadiareflexology.com\/index.php\/qui-suis-je\/\">READ MORE<\/a><\/p>\n","protected":false},"author":1,"featured_media":13,"parent":0,"menu_order":0,"comment_status":"closed","ping_status":"closed","template":"","meta":{"footnotes":""},"class_list":["post-34","page","type-page","status-publish","has-post-thumbnail","hentry"],"yoast_head":"<!-- This site is optimized with the Yoast SEO plugin v24.5 - https:\/\/yoast.com\/wordpress\/plugins\/seo\/ -->\n<title>Qui suis-je ? - Nadia Reflexology<\/title>\n<meta name=\"robots\" content=\"index, follow, max-snippet:-1, max-image-preview:large, max-video-preview:-1\" \/>\n<link rel=\"canonical\" href=\"https:\/\/nadiareflexology.com\/index.php\/qui-suis-je\/\" \/>\n<meta property=\"og:locale\" content=\"fr_FR\" \/>\n<meta property=\"og:type\" content=\"article\" \/>\n<meta property=\"og:title\" content=\"Qui suis-je ? - Nadia Reflexology\" \/>\n<meta property=\"og:description\" content=\"Bonjour et bienvenue sur mon site ! Nadia, dipl\u00f4m\u00e9e de r\u00e9flexologie, passionn\u00e9e par l\u2019art du bien-\u00eatre et l\u2019accompagnement harmonieux des personnes. Mon parcours professionnel dans le soin a d\u00e9but\u00e9 en tant qu&rsquo;aide-soignante, un m\u00e9tier o\u00f9 j&rsquo;ai eu le privil\u00e8ge d&rsquo;apporter du confort et du soutien aux personnes. Apr\u00e8s une transition vers l\u2019administration, une \u00e9volution et READ MORE\" \/>\n<meta property=\"og:url\" content=\"https:\/\/nadiareflexology.com\/index.php\/qui-suis-je\/\" \/>\n<meta property=\"og:site_name\" content=\"Nadia Reflexology\" \/>\n<meta property=\"article:modified_time\" content=\"2024-09-01T11:06:31+00:00\" \/>\n<meta property=\"og:image\" content=\"http:\/\/nadiareflexology.com\/wp-content\/uploads\/2024\/03\/cropped-cropped-belles-jambes-differents-articles-spa-scaled-1.jpg\" \/>\n\t<meta property=\"og:image:width\" content=\"1500\" \/>\n\t<meta property=\"og:image:height\" content=\"496\" \/>\n\t<meta property=\"og:image:type\" content=\"image\/jpeg\" \/>\n<meta name=\"twitter:card\" content=\"summary_large_image\" \/>\n<meta name=\"twitter:label1\" content=\"Dur\u00e9e de lecture estim\u00e9e\" \/>\n\t<meta name=\"twitter:data1\" content=\"2 minutes\" \/>\n<script type=\"application\/ld+json\" class=\"yoast-schema-graph\">{\"@context\":\"https:\/\/schema.org\",\"@graph\":[{\"@type\":\"WebPage\",\"@id\":\"https:\/\/nadiareflexology.com\/index.php\/qui-suis-je\/\",\"url\":\"https:\/\/nadiareflexology.com\/index.php\/qui-suis-je\/\",\"name\":\"Qui suis-je ? - Nadia Reflexology\",\"isPartOf\":{\"@id\":\"https:\/\/nadiareflexology.com\/#website\"},\"primaryImageOfPage\":{\"@id\":\"https:\/\/nadiareflexology.com\/index.php\/qui-suis-je\/#primaryimage\"},\"image\":{\"@id\":\"https:\/\/nadiareflexology.com\/index.php\/qui-suis-je\/#primaryimage\"},\"thumbnailUrl\":\"https:\/\/nadiareflexology.com\/wp-content\/uploads\/2024\/03\/cropped-cropped-belles-jambes-differents-articles-spa-scaled-1.jpg\",\"datePublished\":\"2024-03-26T10:59:00+00:00\",\"dateModified\":\"2024-09-01T11:06:31+00:00\",\"breadcrumb\":{\"@id\":\"https:\/\/nadiareflexology.com\/index.php\/qui-suis-je\/#breadcrumb\"},\"inLanguage\":\"fr-FR\",\"potentialAction\":[{\"@type\":\"ReadAction\",\"target\":[\"https:\/\/nadiareflexology.com\/index.php\/qui-suis-je\/\"]}]},{\"@type\":\"ImageObject\",\"inLanguage\":\"fr-FR\",\"@id\":\"https:\/\/nadiareflexology.com\/index.php\/qui-suis-je\/#primaryimage\",\"url\":\"https:\/\/nadiareflexology.com\/wp-content\/uploads\/2024\/03\/cropped-cropped-belles-jambes-differents-articles-spa-scaled-1.jpg\",\"contentUrl\":\"https:\/\/nadiareflexology.com\/wp-content\/uploads\/2024\/03\/cropped-cropped-belles-jambes-differents-articles-spa-scaled-1.jpg\",\"width\":1500,\"height\":496},{\"@type\":\"BreadcrumbList\",\"@id\":\"https:\/\/nadiareflexology.com\/index.php\/qui-suis-je\/#breadcrumb\",\"itemListElement\":[{\"@type\":\"ListItem\",\"position\":1,\"name\":\"Accueil\",\"item\":\"https:\/\/nadiareflexology.com\/\"},{\"@type\":\"ListItem\",\"position\":2,\"name\":\"Qui suis-je ?\"}]},{\"@type\":\"WebSite\",\"@id\":\"https:\/\/nadiareflexology.com\/#website\",\"url\":\"https:\/\/nadiareflexology.com\/\",\"name\":\"Nadia Reflexology\",\"description\":\"Le chemin vers votre \u00e9quilibre\",\"publisher\":{\"@id\":\"https:\/\/nadiareflexology.com\/#organization\"},\"alternateName\":\"Nadia Reflexology Cluny\",\"potentialAction\":[{\"@type\":\"SearchAction\",\"target\":{\"@type\":\"EntryPoint\",\"urlTemplate\":\"https:\/\/nadiareflexology.com\/?s={search_term_string}\"},\"query-input\":{\"@type\":\"PropertyValueSpecification\",\"valueRequired\":true,\"valueName\":\"search_term_string\"}}],\"inLanguage\":\"fr-FR\"},{\"@type\":\"Organization\",\"@id\":\"https:\/\/nadiareflexology.com\/#organization\",\"name\":\"Nadia Reflexology\",\"url\":\"https:\/\/nadiareflexology.com\/\",\"logo\":{\"@type\":\"ImageObject\",\"inLanguage\":\"fr-FR\",\"@id\":\"https:\/\/nadiareflexology.com\/#\/schema\/logo\/image\/\",\"url\":\"https:\/\/nadiareflexology.com\/wp-content\/uploads\/2024\/06\/logo.png\",\"contentUrl\":\"https:\/\/nadiareflexology.com\/wp-content\/uploads\/2024\/06\/logo.png\",\"width\":160,\"height\":145,\"caption\":\"Nadia Reflexology\"},\"image\":{\"@id\":\"https:\/\/nadiareflexology.com\/#\/schema\/logo\/image\/\"}}]}<\/script>\n<!-- \/ Yoast SEO plugin. -->","yoast_head_json":{"title":"Qui suis-je ? - Nadia Reflexology","robots":{"index":"index","follow":"follow","max-snippet":"max-snippet:-1","max-image-preview":"max-image-preview:large","max-video-preview":"max-video-preview:-1"},"canonical":"https:\/\/nadiareflexology.com\/index.php\/qui-suis-je\/","og_locale":"fr_FR","og_type":"article","og_title":"Qui suis-je ? - Nadia Reflexology","og_description":"Bonjour et bienvenue sur mon site ! Nadia, dipl\u00f4m\u00e9e de r\u00e9flexologie, passionn\u00e9e par l\u2019art du bien-\u00eatre et l\u2019accompagnement harmonieux des personnes. Mon parcours professionnel dans le soin a d\u00e9but\u00e9 en tant qu&rsquo;aide-soignante, un m\u00e9tier o\u00f9 j&rsquo;ai eu le privil\u00e8ge d&rsquo;apporter du confort et du soutien aux personnes. Apr\u00e8s une transition vers l\u2019administration, une \u00e9volution et READ MORE","og_url":"https:\/\/nadiareflexology.com\/index.php\/qui-suis-je\/","og_site_name":"Nadia Reflexology","article_modified_time":"2024-09-01T11:06:31+00:00","og_image":[{"width":1500,"height":496,"url":"http:\/\/nadiareflexology.com\/wp-content\/uploads\/2024\/03\/cropped-cropped-belles-jambes-differents-articles-spa-scaled-1.jpg","type":"image\/jpeg"}],"twitter_card":"summary_large_image","twitter_misc":{"Dur\u00e9e de lecture estim\u00e9e":"2 minutes"},"schema":{"@context":"https:\/\/schema.org","@graph":[{"@type":"WebPage","@id":"https:\/\/nadiareflexology.com\/index.php\/qui-suis-je\/","url":"https:\/\/nadiareflexology.com\/index.php\/qui-suis-je\/","name":"Qui suis-je ? - Nadia Reflexology","isPartOf":{"@id":"https:\/\/nadiareflexology.com\/#website"},"primaryImageOfPage":{"@id":"https:\/\/nadiareflexology.com\/index.php\/qui-suis-je\/#primaryimage"},"image":{"@id":"https:\/\/nadiareflexology.com\/index.php\/qui-suis-je\/#primaryimage"},"thumbnailUrl":"https:\/\/nadiareflexology.com\/wp-content\/uploads\/2024\/03\/cropped-cropped-belles-jambes-differents-articles-spa-scaled-1.jpg","datePublished":"2024-03-26T10:59:00+00:00","dateModified":"2024-09-01T11:06:31+00:00","breadcrumb":{"@id":"https:\/\/nadiareflexology.com\/index.php\/qui-suis-je\/#breadcrumb"},"inLanguage":"fr-FR","potentialAction":[{"@type":"ReadAction","target":["https:\/\/nadiareflexology.com\/index.php\/qui-suis-je\/"]}]},{"@type":"ImageObject","inLanguage":"fr-FR","@id":"https:\/\/nadiareflexology.com\/index.php\/qui-suis-je\/#primaryimage","url":"https:\/\/nadiareflexology.com\/wp-content\/uploads\/2024\/03\/cropped-cropped-belles-jambes-differents-articles-spa-scaled-1.jpg","contentUrl":"https:\/\/nadiareflexology.com\/wp-content\/uploads\/2024\/03\/cropped-cropped-belles-jambes-differents-articles-spa-scaled-1.jpg","width":1500,"height":496},{"@type":"BreadcrumbList","@id":"https:\/\/nadiareflexology.com\/index.php\/qui-suis-je\/#breadcrumb","itemListElement":[{"@type":"ListItem","position":1,"name":"Accueil","item":"https:\/\/nadiareflexology.com\/"},{"@type":"ListItem","position":2,"name":"Qui suis-je ?"}]},{"@type":"WebSite","@id":"https:\/\/nadiareflexology.com\/#website","url":"https:\/\/nadiareflexology.com\/","name":"Nadia Reflexology","description":"Le chemin vers votre \u00e9quilibre","publisher":{"@id":"https:\/\/nadiareflexology.com\/#organization"},"alternateName":"Nadia Reflexology Cluny","potentialAction":[{"@type":"SearchAction","target":{"@type":"EntryPoint","urlTemplate":"https:\/\/nadiareflexology.com\/?s={search_term_string}"},"query-input":{"@type":"PropertyValueSpecification","valueRequired":true,"valueName":"search_term_string"}}],"inLanguage":"fr-FR"},{"@type":"Organization","@id":"https:\/\/nadiareflexology.com\/#organization","name":"Nadia Reflexology","url":"https:\/\/nadiareflexology.com\/","logo":{"@type":"ImageObject","inLanguage":"fr-FR","@id":"https:\/\/nadiareflexology.com\/#\/schema\/logo\/image\/","url":"https:\/\/nadiareflexology.com\/wp-content\/uploads\/2024\/06\/logo.png","contentUrl":"https:\/\/nadiareflexology.com\/wp-content\/uploads\/2024\/06\/logo.png","width":160,"height":145,"caption":"Nadia Reflexology"},"image":{"@id":"https:\/\/nadiareflexology.com\/#\/schema\/logo\/image\/"}}]}},"_links":{"self":[{"href":"https:\/\/nadiareflexology.com\/index.php\/wp-json\/wp\/v2\/pages\/34","targetHints":{"allow":["GET"]}}],"collection":[{"href":"https:\/\/nadiareflexology.com\/index.php\/wp-json\/wp\/v2\/pages"}],"about":[{"href":"https:\/\/nadiareflexology.com\/index.php\/wp-json\/wp\/v2\/types\/page"}],"author":[{"embeddable":true,"href":"https:\/\/nadiareflexology.com\/index.php\/wp-json\/wp\/v2\/users\/1"}],"replies":[{"embeddable":true,"href":"https:\/\/nadiareflexology.com\/index.php\/wp-json\/wp\/v2\/comments?post=34"}],"version-history":[{"count":15,"href":"https:\/\/nadiareflexology.com\/index.php\/wp-json\/wp\/v2\/pages\/34\/revisions"}],"predecessor-version":[{"id":126,"href":"https:\/\/nadiareflexology.com\/index.php\/wp-json\/wp\/v2\/pages\/34\/revisions\/126"}],"wp:featuredmedia":[{"embeddable":true,"href":"https:\/\/nadiareflexology.com\/index.php\/wp-json\/wp\/v2\/media\/13"}],"wp:attachment":[{"href":"https:\/\/nadiareflexology.com\/index.php\/wp-json\/wp\/v2\/media?parent=34"}],"curies":[{"name":"wp","href":"https:\/\/api.w.org\/{rel}","templated":true}]}}