{"id":111,"date":"2024-07-19T17:12:59","date_gmt":"2024-07-19T15:12:59","guid":{"rendered":"https:\/\/nadiareflexology.com\/?page_id=111"},"modified":"2024-08-27T17:00:02","modified_gmt":"2024-08-27T15:00:02","slug":"tarifs","status":"publish","type":"page","link":"https:\/\/nadiareflexology.com\/index.php\/tarifs\/","title":{"rendered":"Tarifs"},"content":{"rendered":"\n<p>60 euros la s\u00e9ance d&rsquo;une heure de soin plus 15 \u00e0 20 minutes de temps pour le bilan de sant\u00e9.<\/p>\n\n\n\n<p>Paiement par ch\u00e8que bancaire ou esp\u00e8ces (distributeur \u00e0 proximit\u00e9). <\/p>\n\n\n\n<p>\u00c9dition de facture pour le remboursement \u00e0 demander aupr\u00e8s de votre mutuelle.<\/p>\n","protected":false},"excerpt":{"rendered":"<p>60 euros la s\u00e9ance d&rsquo;une heure de soin plus 15 \u00e0 20 minutes de temps pour le bilan de sant\u00e9. Paiement par ch\u00e8que bancaire ou esp\u00e8ces (distributeur \u00e0 proximit\u00e9). \u00c9dition de facture pour le remboursement \u00e0 demander aupr\u00e8s de votre mutuelle.<\/p>\n","protected":false},"author":1,"featured_media":0,"parent":0,"menu_order":0,"comment_status":"closed","ping_status":"closed","template":"","meta":{"footnotes":""},"class_list":["post-111","page","type-page","status-publish","hentry"],"yoast_head":"<!-- This site is optimized with the Yoast SEO plugin v24.5 - https:\/\/yoast.com\/wordpress\/plugins\/seo\/ -->\n<title>Tarifs - Nadia R\u00e9flexologie \u00e0 Cluny<\/title>\n<meta name=\"description\" content=\"Tarifs des prestations de Nadia Reflexology \u00e0 Cluny 71250 , Reflexologie pour les zones des pieds, des mains, des oreilles et du visage\" \/>\n<meta name=\"robots\" content=\"index, follow, max-snippet:-1, max-image-preview:large, max-video-preview:-1\" \/>\n<link rel=\"canonical\" href=\"https:\/\/nadiareflexology.com\/index.php\/tarifs\/\" \/>\n<meta property=\"og:locale\" content=\"fr_FR\" \/>\n<meta property=\"og:type\" content=\"article\" \/>\n<meta property=\"og:title\" content=\"Tarifs - Nadia R\u00e9flexologie \u00e0 Cluny\" \/>\n<meta property=\"og:description\" content=\"Tarifs des prestations de Nadia Reflexology \u00e0 Cluny 71250 , Reflexologie pour les zones des pieds, des mains, des oreilles et du visage\" \/>\n<meta property=\"og:url\" content=\"https:\/\/nadiareflexology.com\/index.php\/tarifs\/\" \/>\n<meta property=\"og:site_name\" content=\"Nadia Reflexology\" \/>\n<meta property=\"article:modified_time\" content=\"2024-08-27T15:00:02+00:00\" \/>\n<meta property=\"og:image\" content=\"https:\/\/nadiareflexology.com\/wp-content\/uploads\/2024\/06\/logo.png\" \/>\n\t<meta property=\"og:image:width\" content=\"160\" \/>\n\t<meta property=\"og:image:height\" content=\"145\" \/>\n\t<meta property=\"og:image:type\" content=\"image\/png\" \/>\n<meta name=\"twitter:card\" content=\"summary_large_image\" \/>\n<meta name=\"twitter:label1\" content=\"Dur\u00e9e de lecture estim\u00e9e\" \/>\n\t<meta name=\"twitter:data1\" content=\"1 minute\" \/>\n<script type=\"application\/ld+json\" class=\"yoast-schema-graph\">{\"@context\":\"https:\/\/schema.org\",\"@graph\":[{\"@type\":\"WebPage\",\"@id\":\"https:\/\/nadiareflexology.com\/index.php\/tarifs\/\",\"url\":\"https:\/\/nadiareflexology.com\/index.php\/tarifs\/\",\"name\":\"Tarifs - Nadia R\u00e9flexologie \u00e0 Cluny\",\"isPartOf\":{\"@id\":\"https:\/\/nadiareflexology.com\/#website\"},\"datePublished\":\"2024-07-19T15:12:59+00:00\",\"dateModified\":\"2024-08-27T15:00:02+00:00\",\"description\":\"Tarifs des prestations de Nadia Reflexology \u00e0 Cluny 71250 , Reflexologie pour les zones des pieds, des mains, des oreilles et du visage\",\"breadcrumb\":{\"@id\":\"https:\/\/nadiareflexology.com\/index.php\/tarifs\/#breadcrumb\"},\"inLanguage\":\"fr-FR\",\"potentialAction\":[{\"@type\":\"ReadAction\",\"target\":[\"https:\/\/nadiareflexology.com\/index.php\/tarifs\/\"]}]},{\"@type\":\"BreadcrumbList\",\"@id\":\"https:\/\/nadiareflexology.com\/index.php\/tarifs\/#breadcrumb\",\"itemListElement\":[{\"@type\":\"ListItem\",\"position\":1,\"name\":\"Accueil\",\"item\":\"https:\/\/nadiareflexology.com\/\"},{\"@type\":\"ListItem\",\"position\":2,\"name\":\"Tarifs\"}]},{\"@type\":\"WebSite\",\"@id\":\"https:\/\/nadiareflexology.com\/#website\",\"url\":\"https:\/\/nadiareflexology.com\/\",\"name\":\"Nadia Reflexology\",\"description\":\"Le chemin vers votre \u00e9quilibre\",\"publisher\":{\"@id\":\"https:\/\/nadiareflexology.com\/#organization\"},\"alternateName\":\"Nadia Reflexology Cluny\",\"potentialAction\":[{\"@type\":\"SearchAction\",\"target\":{\"@type\":\"EntryPoint\",\"urlTemplate\":\"https:\/\/nadiareflexology.com\/?s={search_term_string}\"},\"query-input\":{\"@type\":\"PropertyValueSpecification\",\"valueRequired\":true,\"valueName\":\"search_term_string\"}}],\"inLanguage\":\"fr-FR\"},{\"@type\":\"Organization\",\"@id\":\"https:\/\/nadiareflexology.com\/#organization\",\"name\":\"Nadia Reflexology\",\"url\":\"https:\/\/nadiareflexology.com\/\",\"logo\":{\"@type\":\"ImageObject\",\"inLanguage\":\"fr-FR\",\"@id\":\"https:\/\/nadiareflexology.com\/#\/schema\/logo\/image\/\",\"url\":\"https:\/\/nadiareflexology.com\/wp-content\/uploads\/2024\/06\/logo.png\",\"contentUrl\":\"https:\/\/nadiareflexology.com\/wp-content\/uploads\/2024\/06\/logo.png\",\"width\":160,\"height\":145,\"caption\":\"Nadia Reflexology\"},\"image\":{\"@id\":\"https:\/\/nadiareflexology.com\/#\/schema\/logo\/image\/\"}}]}<\/script>\n<!-- \/ Yoast SEO plugin. -->","yoast_head_json":{"title":"Tarifs - Nadia R\u00e9flexologie \u00e0 Cluny","description":"Tarifs des prestations de Nadia Reflexology \u00e0 Cluny 71250 , Reflexologie pour les zones des pieds, des mains, des oreilles et du visage","robots":{"index":"index","follow":"follow","max-snippet":"max-snippet:-1","max-image-preview":"max-image-preview:large","max-video-preview":"max-video-preview:-1"},"canonical":"https:\/\/nadiareflexology.com\/index.php\/tarifs\/","og_locale":"fr_FR","og_type":"article","og_title":"Tarifs - Nadia R\u00e9flexologie \u00e0 Cluny","og_description":"Tarifs des prestations de Nadia Reflexology \u00e0 Cluny 71250 , Reflexologie pour les zones des pieds, des mains, des oreilles et du visage","og_url":"https:\/\/nadiareflexology.com\/index.php\/tarifs\/","og_site_name":"Nadia Reflexology","article_modified_time":"2024-08-27T15:00:02+00:00","og_image":[{"width":160,"height":145,"url":"https:\/\/nadiareflexology.com\/wp-content\/uploads\/2024\/06\/logo.png","type":"image\/png"}],"twitter_card":"summary_large_image","twitter_misc":{"Dur\u00e9e de lecture estim\u00e9e":"1 minute"},"schema":{"@context":"https:\/\/schema.org","@graph":[{"@type":"WebPage","@id":"https:\/\/nadiareflexology.com\/index.php\/tarifs\/","url":"https:\/\/nadiareflexology.com\/index.php\/tarifs\/","name":"Tarifs - Nadia R\u00e9flexologie \u00e0 Cluny","isPartOf":{"@id":"https:\/\/nadiareflexology.com\/#website"},"datePublished":"2024-07-19T15:12:59+00:00","dateModified":"2024-08-27T15:00:02+00:00","description":"Tarifs des prestations de Nadia Reflexology \u00e0 Cluny 71250 , Reflexologie pour les zones des pieds, des mains, des oreilles et du visage","breadcrumb":{"@id":"https:\/\/nadiareflexology.com\/index.php\/tarifs\/#breadcrumb"},"inLanguage":"fr-FR","potentialAction":[{"@type":"ReadAction","target":["https:\/\/nadiareflexology.com\/index.php\/tarifs\/"]}]},{"@type":"BreadcrumbList","@id":"https:\/\/nadiareflexology.com\/index.php\/tarifs\/#breadcrumb","itemListElement":[{"@type":"ListItem","position":1,"name":"Accueil","item":"https:\/\/nadiareflexology.com\/"},{"@type":"ListItem","position":2,"name":"Tarifs"}]},{"@type":"WebSite","@id":"https:\/\/nadiareflexology.com\/#website","url":"https:\/\/nadiareflexology.com\/","name":"Nadia Reflexology","description":"Le chemin vers votre \u00e9quilibre","publisher":{"@id":"https:\/\/nadiareflexology.com\/#organization"},"alternateName":"Nadia Reflexology Cluny","potentialAction":[{"@type":"SearchAction","target":{"@type":"EntryPoint","urlTemplate":"https:\/\/nadiareflexology.com\/?s={search_term_string}"},"query-input":{"@type":"PropertyValueSpecification","valueRequired":true,"valueName":"search_term_string"}}],"inLanguage":"fr-FR"},{"@type":"Organization","@id":"https:\/\/nadiareflexology.com\/#organization","name":"Nadia Reflexology","url":"https:\/\/nadiareflexology.com\/","logo":{"@type":"ImageObject","inLanguage":"fr-FR","@id":"https:\/\/nadiareflexology.com\/#\/schema\/logo\/image\/","url":"https:\/\/nadiareflexology.com\/wp-content\/uploads\/2024\/06\/logo.png","contentUrl":"https:\/\/nadiareflexology.com\/wp-content\/uploads\/2024\/06\/logo.png","width":160,"height":145,"caption":"Nadia Reflexology"},"image":{"@id":"https:\/\/nadiareflexology.com\/#\/schema\/logo\/image\/"}}]}},"_links":{"self":[{"href":"https:\/\/nadiareflexology.com\/index.php\/wp-json\/wp\/v2\/pages\/111","targetHints":{"allow":["GET"]}}],"collection":[{"href":"https:\/\/nadiareflexology.com\/index.php\/wp-json\/wp\/v2\/pages"}],"about":[{"href":"https:\/\/nadiareflexology.com\/index.php\/wp-json\/wp\/v2\/types\/page"}],"author":[{"embeddable":true,"href":"https:\/\/nadiareflexology.com\/index.php\/wp-json\/wp\/v2\/users\/1"}],"replies":[{"embeddable":true,"href":"https:\/\/nadiareflexology.com\/index.php\/wp-json\/wp\/v2\/comments?post=111"}],"version-history":[{"count":4,"href":"https:\/\/nadiareflexology.com\/index.php\/wp-json\/wp\/v2\/pages\/111\/revisions"}],"predecessor-version":[{"id":124,"href":"https:\/\/nadiareflexology.com\/index.php\/wp-json\/wp\/v2\/pages\/111\/revisions\/124"}],"wp:attachment":[{"href":"https:\/\/nadiareflexology.com\/index.php\/wp-json\/wp\/v2\/media?parent=111"}],"curies":[{"name":"wp","href":"https:\/\/api.w.org\/{rel}","templated":true}]}}